{"id":21,"date":"2023-07-11T09:19:08","date_gmt":"2023-07-11T07:19:08","guid":{"rendered":"https:\/\/dim-vet.de\/?page_id=21"},"modified":"2023-07-17T08:05:46","modified_gmt":"2023-07-17T06:05:46","slug":"team","status":"publish","type":"page","link":"https:\/\/dim-vet.de\/?page_id=21","title":{"rendered":"\u00dcber Uns"},"content":{"rendered":"<p>[et_pb_section fb_built=&#8220;1&#8243; _builder_version=&#8220;4.19.4&#8243; _module_preset=&#8220;default&#8220; global_colors_info=&#8220;{}&#8220;][et_pb_row column_structure=&#8220;2_5,3_5&#8243; _builder_version=&#8220;4.19.4&#8243; _module_preset=&#8220;default&#8220; global_colors_info=&#8220;{}&#8220;][et_pb_column type=&#8220;2_5&#8243; _builder_version=&#8220;4.19.4&#8243; _module_preset=&#8220;default&#8220; global_colors_info=&#8220;{}&#8220;][et_pb_image src=&#8220;https:\/\/dim-vet.de\/wp-content\/uploads\/2023\/07\/Irina.jpeg&#8220; title_text=&#8220;Irina&#8220; _builder_version=&#8220;4.19.4&#8243; _module_preset=&#8220;default&#8220; global_colors_info=&#8220;{}&#8220;][\/et_pb_image][\/et_pb_column][et_pb_column type=&#8220;3_5&#8243; _builder_version=&#8220;4.19.4&#8243; _module_preset=&#8220;default&#8220; global_colors_info=&#8220;{}&#8220;][et_pb_text _builder_version=&#8220;4.19.4&#8243; _module_preset=&#8220;default&#8220; global_colors_info=&#8220;{}&#8220;]<\/p>\n<p>Mein Name ist Dr. med. vet. Irina Kassianoff und ich bin Tier\u00e4rztin mit eigener Praxis f\u00fcr manuelle Therapie, spezialisiert auf Pferde (vor allem Dressurpferde) und Hunde (Freizeit- und Sporthunde). Ich wurde am 10. November 1958 geboren und kann auf eine langj\u00e4hrige Erfahrung in der Tiermedizin zur\u00fcckblicken.<\/p>\n<p>Ich habe 1986 meine Approbation als Tier\u00e4rztin erhalten und 1989 erfolgreich promoviert. Meine Qualifikationen und Weiterbildungen sind breit gef\u00e4chert. So habe ich von 2013 bis 2016 eine Ausbildung zur Osteopathin bei TAO Equilibre absolviert und bin seit 2009 in verschiedenen chirotherapeutischen und osteotherapeutischen Fortbildungen zertifiziert. Au\u00dferdem wurde ich 2009 von der IAVC als Chirotherapeutin gepr\u00fcft und erhielt 1993 die Anerkennung als Fachtier\u00e4rztin f\u00fcr Anatomie. Bei allen meinen manualtherapheutischen T\u00e4tigkeiten, profitiere ich von mein fachtier\u00e4rztlichen Anatomiekenntnissen, deren Anerkennung seid 1993 dokumentiert ist.<\/p>\n<p>Neben meiner eigenen Praxist\u00e4tigkeit bin ich seit 2018 Mitglied im Lehrerteam der TAO Equilibre und als freie Dozentin an der D\u00f6pfer Akademie in Hamburg t\u00e4tig. Bereits seit 1994 leite ich als freie Dozentin Seminare und Praktika f\u00fcr die ATM GmbH.<\/p>\n<p>Meine Leidenschaft galt immer dem Dressurreiten und gebe gelegentlich private Trainerstunden. Au\u00dferdem habe ich als Co-Autorin ein Kapitel in dem Buch &#8222;Praxisorientierte Anatomie und Prop\u00e4deutik des Pferdes&#8220; von Horst Wi\u00dfdorf (Hrsg.) verfasst.<\/p>\n<p>Als Tier\u00e4rztin mit langj\u00e4hriger Erfahrung in der manuellen Therapie konnte ich, die Leistungsf\u00e4higkeit von Sportpferden erhalten und Freizeitpferden sowie Hunden ein langes schmerzfreies Leben gew\u00e4hrleisten.<\/p>\n<p>[\/et_pb_text][\/et_pb_column][\/et_pb_row][et_pb_row _builder_version=&#8220;4.19.4&#8243; _module_preset=&#8220;default&#8220; global_colors_info=&#8220;{}&#8220;][et_pb_column type=&#8220;4_4&#8243; _builder_version=&#8220;4.19.4&#8243; _module_preset=&#8220;default&#8220; global_colors_info=&#8220;{}&#8220;][et_pb_divider _builder_version=&#8220;4.19.4&#8243; _module_preset=&#8220;default&#8220; global_colors_info=&#8220;{}&#8220;][\/et_pb_divider][\/et_pb_column][\/et_pb_row][et_pb_row column_structure=&#8220;3_5,2_5&#8243; _builder_version=&#8220;4.19.4&#8243; _module_preset=&#8220;default&#8220; global_colors_info=&#8220;{}&#8220;][et_pb_column type=&#8220;3_5&#8243; _builder_version=&#8220;4.19.4&#8243; _module_preset=&#8220;default&#8220; global_colors_info=&#8220;{}&#8220;][et_pb_text _builder_version=&#8220;4.19.4&#8243; _module_preset=&#8220;default&#8220; global_colors_info=&#8220;{}&#8220;]<\/p>\n<p>Hallo, mein Name ist Miriam Sakellariou, ich bin seit 2006 diplomierte Wirtschaftswissenschaftlerin und leitete ich als Vorstandsvorsitzende bis 2010 die Marketingabteilung einer Versicherung.<\/p>\n<p>Seid fr\u00fchster Kindheit war mein Traum die schweren Klassen der Springreiterei selber meistern zu k\u00f6nnen.<\/p>\n<p>Der Traum wurde war, als ich im Jahre 1996 meine erste Platzierung in einer schweren Springpr\u00fcfung erhielt. Nach meiner erfolgreichen Teilnahme 2006 an den griechischen Meisterschaften im Olympiastadion von ATHEN, wurde ich in die griechische Nationalmannschaft im Springreiten berufen.<\/p>\n<p>Heute bilde ich bevorzugt junge, springtalentierte Pferde aus und nehme an nationalen und internationalen Wettk\u00e4mpfen teil.<\/p>\n<p>Durch diese wichtigen und vor allem pr\u00e4genden Lebensetappen erkannte ich, wie hilfreich manuelle Therapien f\u00fcr meinen Sportpartner eingesetzt werden k\u00f6nnen. Aus dieser Erkenntnis heraus absolvierte ich eine Ausbildung zur Tierphysiotherapeutin und Chiropraktikerin f\u00fcr Pferde und Hunde und biete seither eine ganzheitliche und effektive Therapie f\u00fcr Tiere an. Bis heute bin ich als Dozentin f\u00fcr der ATM GmbH t\u00e4tig. Dar\u00fcber hinaus betreibe ich eine eigene Praxis f\u00fcr manuelle Therapie bei Pferden und Hunden.<\/p>\n<p>W\u00e4hrend der Ausbildung und den zahlreichen Fortbildungen in den manuellen Therapien, wurde mir bewusst, dass sich mein Verst\u00e4ndnis und Verh\u00e4ltnis zu und mit meinen Tieren verbessert hat. Diese hilfreichen und positiven Erfahrungen m\u00f6chte ich gerne weitergeben.<\/p>\n<p>[\/et_pb_text][\/et_pb_column][et_pb_column type=&#8220;2_5&#8243; _builder_version=&#8220;4.19.4&#8243; _module_preset=&#8220;default&#8220; global_colors_info=&#8220;{}&#8220;][et_pb_image src=&#8220;https:\/\/dim-vet.de\/wp-content\/uploads\/2023\/07\/miri_klein.jpg&#8220; title_text=&#8220;miri_klein&#8220; _builder_version=&#8220;4.19.4&#8243; _module_preset=&#8220;default&#8220; global_colors_info=&#8220;{}&#8220;][\/et_pb_image][\/et_pb_column][\/et_pb_row][\/et_pb_section]<\/p>\n","protected":false},"excerpt":{"rendered":"<p>Mein Name ist Dr. med. vet. Irina Kassianoff und ich bin Tier\u00e4rztin mit eigener Praxis f\u00fcr manuelle Therapie, spezialisiert auf Pferde (vor allem Dressurpferde) und Hunde (Freizeit- und Sporthunde). Ich wurde am 10. November 1958 geboren und kann auf eine langj\u00e4hrige Erfahrung in der Tiermedizin zur\u00fcckblicken. Ich habe 1986 meine Approbation als Tier\u00e4rztin erhalten und [&hellip;]<\/p>\n","protected":false},"author":1,"featured_media":0,"parent":0,"menu_order":0,"comment_status":"closed","ping_status":"closed","template":"","meta":{"_et_pb_use_builder":"on","_et_pb_old_content":"","_et_gb_content_width":"","footnotes":""},"class_list":["post-21","page","type-page","status-publish","hentry"],"_links":{"self":[{"href":"https:\/\/dim-vet.de\/index.php?rest_route=\/wp\/v2\/pages\/21","targetHints":{"allow":["GET"]}}],"collection":[{"href":"https:\/\/dim-vet.de\/index.php?rest_route=\/wp\/v2\/pages"}],"about":[{"href":"https:\/\/dim-vet.de\/index.php?rest_route=\/wp\/v2\/types\/page"}],"author":[{"embeddable":true,"href":"https:\/\/dim-vet.de\/index.php?rest_route=\/wp\/v2\/users\/1"}],"replies":[{"embeddable":true,"href":"https:\/\/dim-vet.de\/index.php?rest_route=%2Fwp%2Fv2%2Fcomments&post=21"}],"version-history":[{"count":4,"href":"https:\/\/dim-vet.de\/index.php?rest_route=\/wp\/v2\/pages\/21\/revisions"}],"predecessor-version":[{"id":76,"href":"https:\/\/dim-vet.de\/index.php?rest_route=\/wp\/v2\/pages\/21\/revisions\/76"}],"wp:attachment":[{"href":"https:\/\/dim-vet.de\/index.php?rest_route=%2Fwp%2Fv2%2Fmedia&parent=21"}],"curies":[{"name":"wp","href":"https:\/\/api.w.org\/{rel}","templated":true}]}}