{"id":27,"date":"2023-07-11T09:20:24","date_gmt":"2023-07-11T07:20:24","guid":{"rendered":"https:\/\/dim-vet.de\/?page_id=27"},"modified":"2023-10-17T23:17:14","modified_gmt":"2023-10-17T21:17:14","slug":"impressum","status":"publish","type":"page","link":"https:\/\/dim-vet.de\/?page_id=27","title":{"rendered":"Impressum"},"content":{"rendered":"<p>[et_pb_section fb_built=&#8220;1&#8243; _builder_version=&#8220;4.21.0&#8243; _module_preset=&#8220;default&#8220; global_colors_info=&#8220;{}&#8220;][et_pb_row _builder_version=&#8220;4.21.0&#8243; _module_preset=&#8220;default&#8220; global_colors_info=&#8220;{}&#8220;][et_pb_column type=&#8220;4_4&#8243; _builder_version=&#8220;4.21.0&#8243; _module_preset=&#8220;default&#8220; global_colors_info=&#8220;{}&#8220;][et_pb_text _builder_version=&#8220;4.21.0&#8243; _module_preset=&#8220;default&#8220; global_colors_info=&#8220;{}&#8220;]<\/p>\n<p><strong><u>AImpressum<\/u><\/strong><\/p>\n<p><b>DIM-Vet.<\/b><\/p>\n<p>Rechtsform<\/p>\n<p>Adresse<\/p>\n<p>Hannover<\/p>\n<p>Kontakt<\/p>\n<p>Telefon:\u00a0<\/p>\n<p>E-Mail:\u00a0<a href=\"mailto:info@hanse-vet.de\">i<\/a><\/p>\n<p>Umsatzsteuer-ID:<\/p>\n<p>Berufshaftpflichtversicherung:\u00a0<\/p>\n<p>Geltungsbereich weltweit<\/p>\n<p>&nbsp;<\/p>\n<p>&nbsp;<\/p>\n<p>Deutschland<\/p>\n<p>Umsatzsteueridentifikationssteuer\u00a0<\/p>\n<p>Steuernummer\u00a0<\/p>\n<p>&nbsp;<\/p>\n<p>Verantwortlich f\u00fcr den Inhalt:<\/p>\n<p>Als Seitenbetreiber ist die Dim-Vet f\u00fcr die hier auf den Seiten dargestellten Inhalte verantwortlich. Die Inhalte unserer Seiten wurden mit gr\u00f6\u00dfter Sorgfalt erstellt. F\u00fcr die Richtigkeit, Vollst\u00e4ndigkeit und Aktualit\u00e4t der Inhalte k\u00f6nnen wir jedoch kein Gew\u00e4hr \u00fcbernehmen. Als Diensteanbieter sind wir gem\u00e4\u00df \u00a7 7 Abs.1 TMG f\u00fcr eigene Inhalte auf diesen Seiten nach den allgemeinen Gesetzen verantwortlich. Nach \u00a7\u00a7 8 bis 10 TMG sind wir als Diensteanbieter jedoch nicht verpflichtet, \u00fcbermittelte oder gespeicherte fremde Informationen zu \u00fcberwachen oder nach Umst\u00e4nden zu forschen, die auf eine rechtswidrige T\u00e4tigkeit hinweisen. Verpflichtungen zur Entfernung oder Sperrung der Nutzung von Informationen nach den allgemeinen Gesetzen bleiben hiervon unber\u00fchrt. Eine diesbez\u00fcgliche Haftung ist jedoch erst ab dem Zeitpunkt der Kenntnis einer konkreten Rechtsverletzung m\u00f6glich. Bei Bekanntwerden von entsprechenden Rechtsverletzungen werden wir diese Inhalte umgehend entfernen.<\/p>\n<p>&nbsp;<\/p>\n<p>Haftung f\u00fcr Links:<\/p>\n<p>Unser Angebot enth\u00e4lt Links zu externen Webseiten Dritter, auf deren Inhalte wir keinen Einfluss haben. Deshalb k\u00f6nnen wir f\u00fcr diese fremden Inhalte auch keine Gew\u00e4hr \u00fcbernehmen. F\u00fcr die Inhalte der verlinkten Seiten ist stets der jeweilige Anbieter oder Betreiber der Seiten verantwortlich. Die verlinkten Seiten wurden zum Zeitpunkt der Verlinkung auf m\u00f6gliche Rechtsverst\u00f6\u00dfe \u00fcberpr\u00fcft. Rechtswidrige Inhalte waren zum Zeitpunkt der Verlinkung nicht erkennbar. Eine permanente inhaltliche Kontrolle der verlinkten Seiten ist jedoch ohne konkrete Anhaltspunkte einer Rechtsverletzung nicht zumutbar. Bei Bekanntwerden von Rechtsverletzungen werden wir derartige Links umgehend entfernen.<\/p>\n<p>&nbsp;<\/p>\n<p>Urheberrecht:<\/p>\n<p>Die hier auf den Seiten dieses Internetangebotes bereitgestellten Inhalte unterliegen auch ohne explizite Kenntlichmachung dem deutschen Urheberrecht. Vervielf\u00e4ltigung, Bearbeitung, Verbreitung und jedwede Art der Verwertung bed\u00fcrfen der ausdr\u00fccklichen schriftlichen Genehmigung des jeweiligen Urhebers, damit ist auch jede kommerzielle Nutzung dieser Inhalte ohne ausdr\u00fcckliche schriftliche Zustimmung des Urhebers ausgeschlossen. Auf diesen Seiten ver\u00f6ffentlichte Inhalte, die nicht vom Seitenbetreiber erstellt wurden, werden nur mit Erlaubnis seitens des jeweiligen Urhebers bereitgestellt und als solche entsprechend gekennzeichnet. Wir bitten Sie, mit uns unter den oben im Impressum angegebenen M\u00f6glichkeiten Kontakt aufzunehmen, sollten Sie einen Verdacht oder Kenntnis von einer Urheberrechtsverletzung auf dieser Internetseite haben. Mit unserer Kenntnisnahme einer Urheberrechtsverletzung werden wir umgehend entsprechende Inhalte pr\u00fcfen und gegebenenfalls entfernen.<\/p>\n<p>&nbsp;<\/p>\n<p>Design:<\/p>\n<p>Daniel Harms<\/p>\n<p>&nbsp;<\/p>\n<p>Quellenangaben:<\/p>\n<p>Fotos ohne Quellenangabe sind von uns erstellt und unterliegen dem Urheberrecht.<\/p>\n<p>Fotos: Miriam Sakelariou<\/p>\n<p>Logo\/Brand: Daniel Harms<\/p>\n<p>[\/et_pb_text][\/et_pb_column][\/et_pb_row][\/et_pb_section]<\/p>\n","protected":false},"excerpt":{"rendered":"<p>AImpressum DIM-Vet. Rechtsform Adresse Hannover Kontakt Telefon:\u00a0 E-Mail:\u00a0i Umsatzsteuer-ID: Berufshaftpflichtversicherung:\u00a0 Geltungsbereich weltweit &nbsp; &nbsp; Deutschland Umsatzsteueridentifikationssteuer\u00a0 Steuernummer\u00a0 &nbsp; Verantwortlich f\u00fcr den Inhalt: Als Seitenbetreiber ist die Dim-Vet f\u00fcr die hier auf den Seiten dargestellten Inhalte verantwortlich. Die Inhalte unserer Seiten wurden mit gr\u00f6\u00dfter Sorgfalt erstellt. F\u00fcr die Richtigkeit, Vollst\u00e4ndigkeit und Aktualit\u00e4t der Inhalte k\u00f6nnen wir [&hellip;]<\/p>\n","protected":false},"author":1,"featured_media":0,"parent":0,"menu_order":0,"comment_status":"closed","ping_status":"closed","template":"","meta":{"_et_pb_use_builder":"on","_et_pb_old_content":"","_et_gb_content_width":"","footnotes":""},"class_list":["post-27","page","type-page","status-publish","hentry"],"_links":{"self":[{"href":"https:\/\/dim-vet.de\/index.php?rest_route=\/wp\/v2\/pages\/27","targetHints":{"allow":["GET"]}}],"collection":[{"href":"https:\/\/dim-vet.de\/index.php?rest_route=\/wp\/v2\/pages"}],"about":[{"href":"https:\/\/dim-vet.de\/index.php?rest_route=\/wp\/v2\/types\/page"}],"author":[{"embeddable":true,"href":"https:\/\/dim-vet.de\/index.php?rest_route=\/wp\/v2\/users\/1"}],"replies":[{"embeddable":true,"href":"https:\/\/dim-vet.de\/index.php?rest_route=%2Fwp%2Fv2%2Fcomments&post=27"}],"version-history":[{"count":3,"href":"https:\/\/dim-vet.de\/index.php?rest_route=\/wp\/v2\/pages\/27\/revisions"}],"predecessor-version":[{"id":95,"href":"https:\/\/dim-vet.de\/index.php?rest_route=\/wp\/v2\/pages\/27\/revisions\/95"}],"wp:attachment":[{"href":"https:\/\/dim-vet.de\/index.php?rest_route=%2Fwp%2Fv2%2Fmedia&parent=27"}],"curies":[{"name":"wp","href":"https:\/\/api.w.org\/{rel}","templated":true}]}}